{"id":2517,"date":"2020-10-18T12:57:27","date_gmt":"2020-10-18T10:57:27","guid":{"rendered":"http:\/\/sarah-roger.com\/?page_id=2517"},"modified":"2022-05-18T12:54:26","modified_gmt":"2022-05-18T10:54:26","slug":"me-decouvrir","status":"publish","type":"page","link":"https:\/\/sarah-roger.com\/index.php\/me-decouvrir\/","title":{"rendered":"ME DECOUVRIR"},"content":{"rendered":"<p><div class=\"fusion-bg-parallax\" data-bg-align=\"center top\" data-direction=\"down\" data-mute=\"false\" data-opacity=\"100\" data-velocity=\"-0.3\" data-mobile-enabled=\"false\" data-break_parents=\"0\" data-bg-image=\"http:\/\/sarah-roger.com\/wp-content\/uploads\/2020\/10\/Roger_Sarah_soi3-7.png\" data-bg-repeat=\"false\" ><\/div><div class=\"fusion-fullwidth fullwidth-box fusion-builder-row-1 fusion-flex-container fusion-parallax-down hundred-percent-fullwidth hundred-percent-height hundred-percent-height-center-content non-hundred-percent-height-scrolling fusion-no-small-visibility fusion-no-medium-visibility fusion-absolute-container fusion-absolute-position-small fusion-absolute-position-medium fusion-absolute-position-large\" style=\"background-color: rgba(255,255,255,0);background-image: url(&quot;http:\/\/sarah-roger.com\/wp-content\/uploads\/2020\/10\/Roger_Sarah_soi3-7.png&quot;);background-position: center top;background-repeat: no-repeat;border-width: 0px 0px 0px 0px;border-color:#e2e2e2;border-style:solid;-webkit-background-size:cover;-moz-background-size:cover;-o-background-size:cover;background-size:cover;\" id=\"container\" ><div class=\"fusion-builder-row fusion-row fusion-flex-align-items-flex-start\" style=\"width:104% !important;max-width:104% !important;margin-left: calc(-4% \/ 2 );margin-right: calc(-4% \/ 2 );\"><div class=\"fusion-layout-column fusion_builder_column fusion-builder-column-0 fusion_builder_column_1_1 1_1 fusion-flex-column fusion-no-small-visibility\"><div class=\"fusion-column-wrapper fusion-flex-justify-content-flex-start fusion-content-layout-column\" style=\"background-position:left top;background-repeat:no-repeat;-webkit-background-size:cover;-moz-background-size:cover;-o-background-size:cover;background-size:cover;padding: 0px 35% 0px 0%;\"><div class=\"fusion-text fusion-text-1\" style=\"font-size:30px;font-family:&quot;Yanone Kaffeesatz&quot;;font-weight:700;\"><p>Sarah Roger<\/p>\n<\/div><div class=\"fusion-text fusion-text-2\" style=\"font-size:20px;font-family:&quot;Yanone Kaffeesatz&quot;;font-weight:400;\"><div style=\"text-align: left;\">\n<p>Je suis n\u00e9e \u00e0 Paris en 1999. J&rsquo;ai grandi au rythme des OST de mes jeux pr\u00e9f\u00e9r\u00e9s et les yeux riv\u00e9s sur les \u00e9crans o\u00f9 passaient mes h\u00e9ros.<\/p>\n<p>En 2009, je d\u00e9m\u00e9nage \u00e0 Gen\u00e8ve o\u00f9 je met \u00e0 d\u00e9couvrir mon amour pour le dessin, l&rsquo;art et le graphisme.<br \/>\nJe d\u00e9cide de faire ma scolarit\u00e9 obligatoire dans ce domaine pour en apprendre plus et entre en 2018 \u00e0 CREA Groupe Inseec en Bachelor de Direction Artistique.<\/p>\n<p>En 2021 j&rsquo;obtiens mon Bachelor de Direction Artistique sp\u00e9cialisation Digitale et je me tourne actuellement vers le domaine de la Programmation afin de me rapproch\u00e9 de mon r\u00eave\u00a0de travailler dans le domaine du jeu vid\u00e9o ou des jeux en tout genre.<\/p>\n<p><span class=\"texteditor-inline-lineheight\"><span class=\"texteditor-inline-fontsize\">\u00a0<\/span><\/span><\/p>\n<\/div>\n<div><\/div>\n<\/div><div class=\"fusion-text fusion-text-3\" style=\"font-size:30px;font-family:&quot;Yanone Kaffeesatz&quot;;font-weight:700;\"><p>Contactez moi !<\/p>\n<\/div><div class=\"fusion-social-links\"><div class=\"fusion-social-networks\"><div class=\"fusion-social-networks-wrapper\"><a class=\"fusion-social-network-icon fusion-tooltip fusion-instagram fusion-icon-instagram\" style=\"color:#242424;font-size:60px;\" data-placement=\"top\" data-title=\"Instagram\" data-toggle=\"tooltip\" title=\"Instagram\" aria-label=\"fusion-instagram\" target=\"_blank\" rel=\"noopener noreferrer\" href=\"https:\/\/www.instagram.com\/ayathael_\/\"><\/a><a class=\"fusion-social-network-icon fusion-tooltip fusion-linkedin fusion-icon-linkedin\" style=\"color:#242424;font-size:60px;\" data-placement=\"top\" data-title=\"LinkedIn\" data-toggle=\"tooltip\" title=\"LinkedIn\" aria-label=\"fusion-linkedin\" target=\"_blank\" rel=\"noopener noreferrer\" href=\"https:\/\/www.linkedin.com\/in\/sarah-roger-129651171\/\"><\/a><a class=\"fusion-social-network-icon fusion-tooltip fusion-mail fusion-icon-mail\" style=\"color:#242424;font-size:60px;\" data-placement=\"top\" data-title=\"Email\" data-toggle=\"tooltip\" title=\"Email\" aria-label=\"fusion-mail\" target=\"_self\" rel=\"noopener noreferrer\" href=\"mailto:sara&#104;.r&#111;g&#101;r&#064;&#099;&#114;e&#097;&#045;in&#115;ee&#099;.com\"><\/a><a class=\"fusion-social-network-icon fusion-tooltip fusion-phone fusion-icon-phone\" style=\"color:#242424;font-size:60px;\" data-placement=\"top\" data-title=\"Phone\" data-toggle=\"tooltip\" title=\"Phone\" aria-label=\"fusion-phone\" target=\"_self\" rel=\"noopener noreferrer\" href=\"tel:+410791099571\"><\/a><\/div><\/div><\/div><\/div><\/div><style type=\"text\/css\">.fusion-body .fusion-builder-column-0{width:100% !important;margin-top : 6%;margin-bottom : 20px;}.fusion-builder-column-0 > .fusion-column-wrapper {padding-top : 0px !important;padding-right : 35% !important;margin-right : 9.6%;padding-bottom : 0px !important;padding-left : 0% !important;margin-left : 0%;}@media only screen and (max-width:1024px) {.fusion-body .fusion-builder-column-0{width:100% !important;order : 0;}.fusion-builder-column-0 > .fusion-column-wrapper {margin-right : 9.6%;margin-left : 0%;}}@media only screen and (max-width:640px) {.fusion-body .fusion-builder-column-0{width:100% !important;order : 0;}.fusion-builder-column-0 > .fusion-column-wrapper {margin-right : 1.92%;margin-left : 1.92%;}}<\/style><\/div><style type=\"text\/css\">.fusion-body .fusion-flex-container.fusion-builder-row-1{ padding-top : 0px;margin-top : -5%;padding-right : 0px;padding-bottom : 0px;margin-bottom : -6.9%;padding-left : 10%;}<\/style><\/div><div class=\"fusion-fullwidth fullwidth-box fusion-builder-row-2 fusion-flex-container nonhundred-percent-fullwidth non-hundred-percent-height-scrolling fusion-no-medium-visibility fusion-no-large-visibility\" style=\"background-color: #bcb3b1;background-position: center center;background-repeat: no-repeat;border-width: 0px 0px 0px 0px;border-color:#e2e2e2;border-style:solid;\" ><div class=\"fusion-builder-row fusion-row fusion-flex-align-items-flex-start\" style=\"max-width:1248px;margin-left: calc(-4% \/ 2 );margin-right: calc(-4% \/ 2 );\"><div class=\"fusion-layout-column fusion_builder_column fusion-builder-column-1 fusion_builder_column_1_1 1_1 fusion-flex-column\"><div class=\"fusion-column-wrapper fusion-flex-justify-content-flex-start fusion-content-layout-column\" style=\"background-position:left top;background-repeat:no-repeat;-webkit-background-size:cover;-moz-background-size:cover;-o-background-size:cover;background-size:cover;padding: 0px 0px 0px 0px;\"><div class=\"fusion-text fusion-text-4\" style=\"font-size:23px;font-family:&quot;Yanone Kaffeesatz&quot;;font-weight:700;\"><p>Sarah Roger<\/p>\n<\/div><div class=\"fusion-text fusion-text-5\" style=\"font-size:16px;font-family:&quot;Yanone Kaffeesatz&quot;;font-weight:400;\"><div style=\"text-align: left;\">\n<p>Je suis n\u00e9e \u00e0 Paris en 1999. J&rsquo;ai grandi au rythme des OST de mes jeux pr\u00e9f\u00e9r\u00e9s et les yeux riv\u00e9s sur les \u00e9crans o\u00f9 passaient mes h\u00e9ros.<\/p>\n<p>En 2009, je d\u00e9m\u00e9nage \u00e0 Gen\u00e8ve o\u00f9 je met \u00e0 d\u00e9couvrir mon amour pour le dessin, l&rsquo;art et le graphisme.<br \/>\nJe d\u00e9cide de faire ma scolarit\u00e9 obligatoire dans ce domaine pour en apprendre plus et entre en 2018 \u00e0 CREA Groupe Inseec en Bachelor de Direction Artistique.<\/p>\n<p>En 2021 j&rsquo;obtiens mon Bachelor de Direction Artistique sp\u00e9cialisation Digitale et je me tourne actuellement vers le domaine de la Programmation afin de me rapproch\u00e9 de mon r\u00eave\u00a0de travailler dans le domaine du jeu vid\u00e9o ou des jeux en tout genre.<\/p>\n<p><span class=\"texteditor-inline-lineheight\"><span class=\"texteditor-inline-fontsize\">\u00a0<\/span><\/span><\/p>\n<\/div>\n<div><\/div>\n<\/div><div class=\"fusion-text fusion-text-6\" style=\"font-size:23px;font-family:&quot;Yanone Kaffeesatz&quot;;font-weight:700;\"><p>Contactez moi !<\/p>\n<\/div><div class=\"fusion-social-links\"><div class=\"fusion-social-networks\"><div class=\"fusion-social-networks-wrapper\"><a class=\"fusion-social-network-icon fusion-tooltip fusion-instagram fusion-icon-instagram\" style=\"color:#242424;font-size:60px;\" data-placement=\"top\" data-title=\"Instagram\" data-toggle=\"tooltip\" title=\"Instagram\" aria-label=\"fusion-instagram\" target=\"_blank\" rel=\"noopener noreferrer\" href=\"https:\/\/www.instagram.com\/ayathael_\/\"><\/a><a class=\"fusion-social-network-icon fusion-tooltip fusion-linkedin fusion-icon-linkedin\" style=\"color:#242424;font-size:60px;\" data-placement=\"top\" data-title=\"LinkedIn\" data-toggle=\"tooltip\" title=\"LinkedIn\" aria-label=\"fusion-linkedin\" target=\"_blank\" rel=\"noopener noreferrer\" href=\"https:\/\/www.linkedin.com\/in\/sarah-roger-129651171\/\"><\/a><a class=\"fusion-social-network-icon fusion-tooltip fusion-mail fusion-icon-mail\" style=\"color:#242424;font-size:60px;\" data-placement=\"top\" data-title=\"Email\" data-toggle=\"tooltip\" title=\"Email\" aria-label=\"fusion-mail\" target=\"_self\" rel=\"noopener noreferrer\" href=\"mailto:s&#097;r&#097;h.&#114;&#111;&#103;&#101;&#114;&#064;&#099;&#114;ea&#045;&#105;nsee&#099;.c&#111;&#109;\"><\/a><a class=\"fusion-social-network-icon fusion-tooltip fusion-phone fusion-icon-phone\" style=\"color:#242424;font-size:60px;\" data-placement=\"top\" data-title=\"Phone\" data-toggle=\"tooltip\" title=\"Phone\" aria-label=\"fusion-phone\" target=\"_self\" rel=\"noopener noreferrer\" href=\"tel:+410791099571\"><\/a><\/div><\/div><\/div><\/div><\/div><style type=\"text\/css\">.fusion-body .fusion-builder-column-1{width:100% !important;margin-top : 0px;margin-bottom : 20px;}.fusion-builder-column-1 > .fusion-column-wrapper {padding-top : 0px !important;padding-right : 0px !important;margin-right : 1.92%;padding-bottom : 0px !important;padding-left : 0px !important;margin-left : 1.92%;}@media only screen and (max-width:1024px) {.fusion-body .fusion-builder-column-1{width:100% !important;order : 0;}.fusion-builder-column-1 > .fusion-column-wrapper {margin-right : 1.92%;margin-left : 1.92%;}}@media only screen and (max-width:640px) {.fusion-body .fusion-builder-column-1{width:100% !important;order : 0;margin-top : 5%;margin-bottom : 30%;}.fusion-builder-column-1 > .fusion-column-wrapper {padding-right : 0% !important;margin-right : 4.8%;padding-left : 0% !important;margin-left : 4.8%;}}<\/style><\/div><style type=\"text\/css\">.fusion-body .fusion-flex-container.fusion-builder-row-2{ padding-top : 0px;margin-top : 0px;padding-right : 0px;padding-bottom : 0px;margin-bottom : 0px;padding-left : 0px;}@media only screen and (max-width:640px) {.fusion-body .fusion-flex-container.fusion-builder-row-2{ margin-top : -40%;padding-right : 0%;padding-left : 0%;}}<\/style><\/div><div class=\"fusion-fullwidth fullwidth-box fusion-builder-row-3 fusion-flex-container nonhundred-percent-fullwidth non-hundred-percent-height-scrolling fusion-no-small-visibility fusion-no-large-visibility\" style=\"background-color: #bcb3b1;background-position: center center;background-repeat: no-repeat;border-width: 0px 0px 0px 0px;border-color:#e2e2e2;border-style:solid;\" ><div class=\"fusion-builder-row fusion-row fusion-flex-align-items-flex-start\" style=\"max-width:1248px;margin-left: calc(-4% \/ 2 );margin-right: calc(-4% \/ 2 );\"><div class=\"fusion-layout-column fusion_builder_column fusion-builder-column-2 fusion_builder_column_1_1 1_1 fusion-flex-column\"><div class=\"fusion-column-wrapper fusion-flex-justify-content-flex-start fusion-content-layout-column\" style=\"background-position:left top;background-repeat:no-repeat;-webkit-background-size:cover;-moz-background-size:cover;-o-background-size:cover;background-size:cover;padding: 0px 0px 0px 0px;\"><div class=\"fusion-text fusion-text-7\" style=\"font-size:23px;font-family:&quot;Yanone Kaffeesatz&quot;;font-weight:700;\"><p>Sarah Roger<\/p>\n<\/div><div class=\"fusion-text fusion-text-8\" style=\"font-size:16px;font-family:&quot;Yanone Kaffeesatz&quot;;font-weight:400;\"><div style=\"text-align: left;\">\n<p>Je suis n\u00e9e \u00e0 Paris en 1999. J&rsquo;ai grandi au rythme des OST de mes jeux pr\u00e9f\u00e9r\u00e9s et les yeux riv\u00e9s sur les \u00e9crans o\u00f9 passaient mes h\u00e9ros.<\/p>\n<p>En 2009, je d\u00e9m\u00e9nage \u00e0 Gen\u00e8ve o\u00f9 je met \u00e0 d\u00e9couvrir mon amour pour le dessin, l&rsquo;art et le graphisme.<br \/>\nJe d\u00e9cide de faire ma scolarit\u00e9 obligatoire dans ce domaine pour en apprendre plus et entre en 2018 \u00e0 CREA Groupe Inseec en Bachelor de Direction Artistique.<\/p>\n<p>En 2021 j&rsquo;obtiens mon Bachelor de Direction Artistique sp\u00e9cialisation Digitale et je me tourne actuellement vers le domaine de la Programmation afin de me rapproch\u00e9 de mon r\u00eave\u00a0de travailler dans le domaine du jeu vid\u00e9o ou des jeux en tout genre.<\/p>\n<p><span class=\"texteditor-inline-lineheight\"><span class=\"texteditor-inline-fontsize\">\u00a0<\/span><\/span><\/p>\n<\/div>\n<div><\/div>\n<\/div><div class=\"fusion-text fusion-text-9\" style=\"font-size:23px;font-family:&quot;Yanone Kaffeesatz&quot;;font-weight:700;\"><p>Contactez moi !<\/p>\n<\/div><div class=\"fusion-social-links\"><div class=\"fusion-social-networks\"><div class=\"fusion-social-networks-wrapper\"><a class=\"fusion-social-network-icon fusion-tooltip fusion-instagram fusion-icon-instagram\" style=\"color:#242424;font-size:60px;\" data-placement=\"top\" data-title=\"Instagram\" data-toggle=\"tooltip\" title=\"Instagram\" aria-label=\"fusion-instagram\" target=\"_blank\" rel=\"noopener noreferrer\" href=\"https:\/\/www.instagram.com\/ayathael_\/\"><\/a><a class=\"fusion-social-network-icon fusion-tooltip fusion-linkedin fusion-icon-linkedin\" style=\"color:#242424;font-size:60px;\" data-placement=\"top\" data-title=\"LinkedIn\" data-toggle=\"tooltip\" title=\"LinkedIn\" aria-label=\"fusion-linkedin\" target=\"_blank\" rel=\"noopener noreferrer\" href=\"https:\/\/www.linkedin.com\/in\/sarah-roger-129651171\/\"><\/a><a class=\"fusion-social-network-icon fusion-tooltip fusion-mail fusion-icon-mail\" style=\"color:#242424;font-size:60px;\" data-placement=\"top\" data-title=\"Email\" data-toggle=\"tooltip\" title=\"Email\" aria-label=\"fusion-mail\" target=\"_self\" rel=\"noopener noreferrer\" href=\"mailto:&#115;a&#114;&#097;h&#046;roger&#064;c&#114;&#101;a-&#105;&#110;&#115;e&#101;c&#046;com\"><\/a><a class=\"fusion-social-network-icon fusion-tooltip fusion-phone fusion-icon-phone\" style=\"color:#242424;font-size:60px;\" data-placement=\"top\" data-title=\"Phone\" data-toggle=\"tooltip\" title=\"Phone\" aria-label=\"fusion-phone\" target=\"_self\" rel=\"noopener noreferrer\" href=\"tel:+410791099571\"><\/a><\/div><\/div><\/div><\/div><\/div><style type=\"text\/css\">.fusion-body .fusion-builder-column-2{width:100% !important;margin-top : 10%;margin-bottom : 20px;}.fusion-builder-column-2 > .fusion-column-wrapper {padding-top : 0px !important;padding-right : 0px !important;margin-right : 1.92%;padding-bottom : 0px !important;padding-left : 0px !important;margin-left : 1.92%;}@media only screen and (max-width:1024px) {.fusion-body .fusion-builder-column-2{width:100% !important;order : 0;}.fusion-builder-column-2 > .fusion-column-wrapper {margin-right : 1.92%;margin-left : 1.92%;}}@media only screen and (max-width:640px) {.fusion-body .fusion-builder-column-2{width:100% !important;order : 0;margin-top : 5%;margin-bottom : 30%;}.fusion-builder-column-2 > .fusion-column-wrapper {padding-right : 0% !important;margin-right : 4.8%;padding-left : 0% !important;margin-left : 4.8%;}}<\/style><\/div><style type=\"text\/css\">.fusion-body .fusion-flex-container.fusion-builder-row-3{ padding-top : 0px;margin-top : -12%;padding-right : 0px;padding-bottom : 0px;margin-bottom : 0px;padding-left : 0px;}@media only screen and (max-width:640px) {.fusion-body .fusion-flex-container.fusion-builder-row-3{ margin-top : -40%;padding-right : 0%;padding-left : 0%;}}<\/style><\/div><div class=\"fusion-fullwidth fullwidth-box fusion-builder-row-4 fusion-flex-container nonhundred-percent-fullwidth non-hundred-percent-height-scrolling fusion-no-medium-visibility fusion-no-large-visibility\" style=\"background-color: rgba(255,255,255,0);background-position: center center;background-repeat: no-repeat;border-width: 0px 0px 0px 0px;border-color:#e2e2e2;border-style:solid;\" ><div class=\"fusion-builder-row fusion-row fusion-flex-align-items-flex-start\" style=\"max-width:1248px;margin-left: calc(-4% \/ 2 );margin-right: calc(-4% \/ 2 );\"><div class=\"fusion-layout-column fusion_builder_column fusion-builder-column-3 fusion_builder_column_1_1 1_1 fusion-flex-column\"><div class=\"fusion-column-wrapper fusion-flex-justify-content-flex-start fusion-content-layout-column\" style=\"background-position:left top;background-repeat:no-repeat;-webkit-background-size:cover;-moz-background-size:cover;-o-background-size:cover;background-size:cover;padding: 0px 0px 0px 0px;\"><div ><span class=\" fusion-imageframe imageframe-none imageframe-1 hover-type-none\"><img decoding=\"async\" width=\"800\" image_height=\"1200\" image_id=\"2682\" title=\"Roger_Sarah_soi3_phone\" src=\"http:\/\/sarah-roger.com\/wp-content\/uploads\/2020\/10\/Roger_Sarah_soi3_phone-8.png\" class=\"img-responsive wp-image-2682\" srcset=\"https:\/\/sarah-roger.com\/wp-content\/uploads\/2020\/10\/Roger_Sarah_soi3_phone-8-200x300.png 200w, https:\/\/sarah-roger.com\/wp-content\/uploads\/2020\/10\/Roger_Sarah_soi3_phone-8-400x600.png 400w, https:\/\/sarah-roger.com\/wp-content\/uploads\/2020\/10\/Roger_Sarah_soi3_phone-8-600x900.png 600w, https:\/\/sarah-roger.com\/wp-content\/uploads\/2020\/10\/Roger_Sarah_soi3_phone-8.png 800w\" sizes=\"(max-width: 640px) 100vw, 800px\" \/><\/span><\/div><\/div><\/div><style type=\"text\/css\">.fusion-body .fusion-builder-column-3{width:100% !important;margin-top : 0px;margin-bottom : 20px;}.fusion-builder-column-3 > .fusion-column-wrapper {padding-top : 0px !important;padding-right : 0px !important;margin-right : 1.92%;padding-bottom : 0px !important;padding-left : 0px !important;margin-left : 1.92%;}@media only screen and (max-width:1024px) {.fusion-body .fusion-builder-column-3{width:100% !important;order : 0;}.fusion-builder-column-3 > .fusion-column-wrapper {margin-right : 1.92%;margin-left : 1.92%;}}@media only screen and (max-width:640px) {.fusion-body .fusion-builder-column-3{width:100% !important;order : 0;margin-top : -20%;margin-bottom : -28%;}.fusion-builder-column-3 > .fusion-column-wrapper {padding-right : 0% !important;margin-right : -19.2%;padding-left : 0% !important;margin-left : 0%;}}<\/style><\/div><style type=\"text\/css\">.fusion-body .fusion-flex-container.fusion-builder-row-4{ padding-top : 0px;margin-top : 0px;padding-right : 0px;padding-bottom : 0px;margin-bottom : 0px;padding-left : 0px;}@media only screen and (max-width:640px) {.fusion-body .fusion-flex-container.fusion-builder-row-4{ padding-right : 0%;padding-left : 0%;}}<\/style><\/div><div class=\"fusion-fullwidth fullwidth-box fusion-builder-row-5 fusion-flex-container hundred-percent-fullwidth non-hundred-percent-height-scrolling fusion-no-small-visibility fusion-no-large-visibility\" style=\"background-color: rgba(255,255,255,0);background-position: center center;background-repeat: no-repeat;border-width: 0px 0px 0px 0px;border-color:#e2e2e2;border-style:solid;\" ><div class=\"fusion-builder-row fusion-row fusion-flex-align-items-flex-start\" style=\"width:104% !important;max-width:104% !important;margin-left: calc(-4% \/ 2 );margin-right: calc(-4% \/ 2 );\"><div class=\"fusion-layout-column fusion_builder_column fusion-builder-column-4 fusion_builder_column_1_1 1_1 fusion-flex-column\"><div class=\"fusion-column-wrapper fusion-flex-justify-content-flex-start fusion-content-layout-column\" style=\"background-position:left top;background-repeat:no-repeat;-webkit-background-size:cover;-moz-background-size:cover;-o-background-size:cover;background-size:cover;padding: 0px 0px 0px 0px;\"><div ><span class=\" fusion-imageframe imageframe-none imageframe-2 hover-type-none\"><img decoding=\"async\" width=\"800\" image_height=\"1200\" image_id=\"2682\" title=\"Roger_Sarah_soi3_phone\" src=\"http:\/\/sarah-roger.com\/wp-content\/uploads\/2020\/10\/Roger_Sarah_soi3_phone-8.png\" class=\"img-responsive wp-image-2682\" srcset=\"https:\/\/sarah-roger.com\/wp-content\/uploads\/2020\/10\/Roger_Sarah_soi3_phone-8-200x300.png 200w, https:\/\/sarah-roger.com\/wp-content\/uploads\/2020\/10\/Roger_Sarah_soi3_phone-8-400x600.png 400w, https:\/\/sarah-roger.com\/wp-content\/uploads\/2020\/10\/Roger_Sarah_soi3_phone-8-600x900.png 600w, https:\/\/sarah-roger.com\/wp-content\/uploads\/2020\/10\/Roger_Sarah_soi3_phone-8.png 800w\" sizes=\"(max-width: 640px) 100vw, 800px\" \/><\/span><\/div><\/div><\/div><style type=\"text\/css\">.fusion-body .fusion-builder-column-4{width:100% !important;margin-top : 2%;margin-bottom : 20px;}.fusion-builder-column-4 > .fusion-column-wrapper {padding-top : 0px !important;padding-right : 0px !important;margin-right : 1.92%;padding-bottom : 0px !important;padding-left : 0px !important;margin-left : 1.92%;}@media only screen and (max-width:1024px) {.fusion-body .fusion-builder-column-4{width:100% !important;order : 0;}.fusion-builder-column-4 > .fusion-column-wrapper {margin-right : 1.92%;margin-left : 1.92%;}}@media only screen and (max-width:640px) {.fusion-body .fusion-builder-column-4{width:100% !important;order : 0;margin-top : -20%;margin-bottom : -28%;}.fusion-builder-column-4 > .fusion-column-wrapper {padding-right : 0% !important;margin-right : -19.2%;padding-left : 0% !important;margin-left : 0%;}}<\/style><\/div><style type=\"text\/css\">.fusion-body .fusion-flex-container.fusion-builder-row-5{ padding-top : 0px;margin-top : -5%;padding-right : -5%;padding-bottom : 0px;margin-bottom : -23%;padding-left : -30%;}@media only screen and (max-width:640px) {.fusion-body .fusion-flex-container.fusion-builder-row-5{ padding-right : 0%;padding-left : 0%;}}<\/style><\/div><\/p>\n","protected":false},"excerpt":{"rendered":"","protected":false},"author":1,"featured_media":0,"parent":0,"menu_order":0,"comment_status":"closed","ping_status":"closed","template":"100-width.php","meta":{"footnotes":""},"_links":{"self":[{"href":"https:\/\/sarah-roger.com\/index.php\/wp-json\/wp\/v2\/pages\/2517"}],"collection":[{"href":"https:\/\/sarah-roger.com\/index.php\/wp-json\/wp\/v2\/pages"}],"about":[{"href":"https:\/\/sarah-roger.com\/index.php\/wp-json\/wp\/v2\/types\/page"}],"author":[{"embeddable":true,"href":"https:\/\/sarah-roger.com\/index.php\/wp-json\/wp\/v2\/users\/1"}],"replies":[{"embeddable":true,"href":"https:\/\/sarah-roger.com\/index.php\/wp-json\/wp\/v2\/comments?post=2517"}],"version-history":[{"count":119,"href":"https:\/\/sarah-roger.com\/index.php\/wp-json\/wp\/v2\/pages\/2517\/revisions"}],"predecessor-version":[{"id":2993,"href":"https:\/\/sarah-roger.com\/index.php\/wp-json\/wp\/v2\/pages\/2517\/revisions\/2993"}],"wp:attachment":[{"href":"https:\/\/sarah-roger.com\/index.php\/wp-json\/wp\/v2\/media?parent=2517"}],"curies":[{"name":"wp","href":"https:\/\/api.w.org\/{rel}","templated":true}]}}